{"id":3539,"date":"2022-03-16T12:11:05","date_gmt":"2022-03-16T12:11:05","guid":{"rendered":"https:\/\/validthemes.net\/themeforest\/wp\/cleanu\/?page_id=7"},"modified":"2025-10-31T14:09:27","modified_gmt":"2025-10-31T14:09:27","slug":"home-one","status":"publish","type":"page","link":"https:\/\/www.sierramorena.com.pe\/altavista\/","title":{"rendered":"INICIO"},"content":{"rendered":"\t\t<div data-elementor-type=\"wp-page\" data-elementor-id=\"3539\" class=\"elementor elementor-3539\">\n\t\t\t\t\t\t<section class=\"elementor-section elementor-top-section elementor-element elementor-element-5345f1d elementor-section-full_width elementor-section-stretched elementor-section-height-default elementor-section-height-default\" data-id=\"5345f1d\" data-element_type=\"section\" data-e-type=\"section\" data-settings=\"{&quot;stretch_section&quot;:&quot;section-stretched&quot;}\">\n\t\t\t\t\t\t<div class=\"elementor-container elementor-column-gap-no\">\n\t\t\t\t\t<div class=\"elementor-column elementor-col-100 elementor-top-column elementor-element elementor-element-e7cb03c\" data-id=\"e7cb03c\" data-element_type=\"column\" data-e-type=\"column\">\n\t\t\t<div class=\"elementor-widget-wrap elementor-element-populated\">\n\t\t\t\t\t\t<div class=\"elementor-element elementor-element-e7b544a elementor-widget elementor-widget-slider\" data-id=\"e7b544a\" data-element_type=\"widget\" data-e-type=\"widget\" data-widget_type=\"slider.default\">\n\t\t\t\t<div class=\"elementor-widget-container\">\n\t\t\t\t\t\r\n\t<!-- Start Banner Style Two\r\n    ============================================= -->\r\n    <div class=\"banner-area inc-shape text-multi-weight\">\r\n        \r\n        <div id=\"bootcarousel\" class=\"carousel slide carousel-fade animate_text\" data-ride=\"carousel\">\r\n            <!-- Indicators for slides -->\r\n            <div class=\"carousel-indicator\">\r\n                <ol class=\"carousel-indicators right\">\r\n                \t                    \t<li data-target=\"#bootcarousel\" data-slide-to=\"0\" class=\"active\"><\/li>\r\n                                        \t<li data-target=\"#bootcarousel\" data-slide-to=\"1\" class=\"\"><\/li>\r\n                                    <\/ol>\r\n            <\/div>\r\n            <!-- Wrapper for slides -->\r\n            <div class=\"carousel-inner\">\r\n            \t                <div class=\"carousel-item bg-cover active\" style=\"background-image: url(http:\/\/www.sierramorena.com.pe\/altavista\/wp-content\/uploads\/2025\/10\/WhatsApp-Image-2025-10-27-at-3.17.47-PM-1.jpeg);\">\r\n                    <div class=\"box-table\">\r\n                        <div class=\"box-cell\">\r\n                            <div class=\"container\">\r\n                                <div class=\"row\">\r\n                                    <div class=\"col-lg-8\">\r\n                                        <div class=\"content\">\r\n                                            <h2 data-animation=\"animated slideInRight\">Maquinarias<span> para la Agricultura<\/span><\/h2>\r\n                                            <p data-animation=\"animated slideInLeft\">\r\n                                                                                           <\/p>\r\n                                                                                        <a data-animation=\"animated zoomInUp\" class=\"btn btn-theme effect primary btn-md\" href=\"https:\/\/www.sierramorena.com.pe\/altavista\/servicios\">Entrar<\/a>\r\n                                                                                    <\/div>\r\n                                    <\/div>\r\n                                <\/div>\r\n                            <\/div>\r\n                            \t                            <!-- Shape -->\r\n\t                            <div class=\"shape-border\" style=\"background-image: url(https:\/\/www.sierramorena.com.pe\/altavista\/wp-content\/themes\/cleanu\/assets\/img\/slider_2.png);\"><\/div>\r\n\t                            <!-- End Shape -->\r\n                        \t                        <\/div>\r\n                    <\/div>\r\n                <\/div>\r\n                                <div class=\"carousel-item bg-cover \" style=\"background-image: url(http:\/\/www.sierramorena.com.pe\/altavista\/wp-content\/uploads\/2025\/10\/cultivo-maiz-segunda-cosecha.jpg);\">\r\n                    <div class=\"box-table\">\r\n                        <div class=\"box-cell\">\r\n                            <div class=\"container\">\r\n                                <div class=\"row\">\r\n                                    <div class=\"col-lg-8\">\r\n                                        <div class=\"content\">\r\n                                            <h2 data-animation=\"animated slideInRight\">Preparaci\u00f3n \n<span>de campos Agricolas<\/span><\/h2>\r\n                                            <p data-animation=\"animated slideInLeft\">\r\n                                               SIEMBRA, COSECHA Y VENTA FINAL DE PRODUCTOS AGRICOLAS                                            <\/p>\r\n                                                                                        <a data-animation=\"animated zoomInUp\" class=\"btn btn-theme effect primary btn-md\" href=\"https:\/\/www.sierramorena.com.pe\/altavista\/servicios\">Entrar<\/a>\r\n                                                                                    <\/div>\r\n                                    <\/div>\r\n                                <\/div>\r\n                            <\/div>\r\n                            \t                            <!-- Shape -->\r\n\t                            <div class=\"shape-border\" style=\"background-image: url(https:\/\/www.sierramorena.com.pe\/altavista\/wp-content\/themes\/cleanu\/assets\/img\/slider_2.png);\"><\/div>\r\n\t                            <!-- End Shape -->\r\n                        \t                        <\/div>\r\n                    <\/div>\r\n                <\/div>\r\n                 \r\n            <\/div>\r\n            <!-- End Wrapper for slides -->\r\n\r\n        <\/div>\r\n    <\/div>\r\n    <!-- End Banner Banner Style Two -->\r\n    \t\t\t\t<\/div>\n\t\t\t\t<\/div>\n\t\t\t\t\t<\/div>\n\t\t<\/div>\n\t\t\t\t\t<\/div>\n\t\t<\/section>\n\t\t\t\t<section class=\"elementor-section elementor-top-section elementor-element elementor-element-958f160 elementor-section-full_width elementor-section-stretched elementor-section-height-default elementor-section-height-default\" data-id=\"958f160\" data-element_type=\"section\" data-e-type=\"section\" data-settings=\"{&quot;stretch_section&quot;:&quot;section-stretched&quot;,&quot;background_background&quot;:&quot;classic&quot;}\">\n\t\t\t\t\t\t<div class=\"elementor-container elementor-column-gap-no\">\n\t\t\t\t\t<div class=\"elementor-column elementor-col-100 elementor-top-column elementor-element elementor-element-4d7d7ac\" data-id=\"4d7d7ac\" data-element_type=\"column\" data-e-type=\"column\">\n\t\t\t<div class=\"elementor-widget-wrap elementor-element-populated\">\n\t\t\t\t\t\t<section class=\"elementor-section elementor-inner-section elementor-element elementor-element-f9c8864 elementor-section-boxed elementor-section-height-default elementor-section-height-default\" data-id=\"f9c8864\" data-element_type=\"section\" data-e-type=\"section\">\n\t\t\t\t\t\t<div class=\"elementor-container elementor-column-gap-no\">\n\t\t\t\t\t<div class=\"elementor-column elementor-col-50 elementor-inner-column elementor-element elementor-element-579bc3c\" data-id=\"579bc3c\" data-element_type=\"column\" data-e-type=\"column\">\n\t\t\t<div class=\"elementor-widget-wrap elementor-element-populated\">\n\t\t\t\t\t\t<div class=\"elementor-element elementor-element-2485e71 elementor-widget elementor-widget-about_image\" data-id=\"2485e71\" data-element_type=\"widget\" data-e-type=\"widget\" data-widget_type=\"about_image.default\">\n\t\t\t\t<div class=\"elementor-widget-container\">\n\t\t\t\t\t    <div class=\"about-style-six\">\r\n        <div class=\"thumb\">\r\n        \t\r\n                        \t<img decoding=\"async\" src=\"http:\/\/www.sierramorena.com.pe\/altavista\/wp-content\/uploads\/2025\/10\/WhatsApp-Image-2025-10-27-at-3.17.48-PM.jpeg\" alt=\"INVERSIONES &amp; SERVICIOS ALTA VISTA S.R.L.\">\r\n                                    <img decoding=\"async\" src=\"http:\/\/www.sierramorena.com.pe\/altavista\/wp-content\/uploads\/2025\/10\/WhatsApp-Image-2025-10-27-at-3.17.49-PM.jpeg\" alt=\"INVERSIONES &amp; SERVICIOS ALTA VISTA S.R.L.\">\r\n            \t            <div class=\"common-fun-fact\">\r\n                <div class=\"counter\">\r\n                \t                    <div class=\"timer\" data-to=\"100\" data-speed=\"1000\">100<\/div>\r\n                \t                    <div class=\"operator\">%<\/div>\r\n                <\/div>\r\n                                <span class=\"medium\">tu mejor opci\u00f3n<\/span>\r\n            \t            <\/div>\r\n        <\/div>\r\n    <\/div>\t\r\n    \t\t\t\t<\/div>\n\t\t\t\t<\/div>\n\t\t\t\t\t<\/div>\n\t\t<\/div>\n\t\t\t\t<div class=\"elementor-column elementor-col-50 elementor-inner-column elementor-element elementor-element-52fd244\" data-id=\"52fd244\" data-element_type=\"column\" data-e-type=\"column\">\n\t\t\t<div class=\"elementor-widget-wrap elementor-element-populated\">\n\t\t\t\t\t\t<div class=\"elementor-element elementor-element-85f48fe elementor-widget__width-initial elementor-widget elementor-widget-about_content\" data-id=\"85f48fe\" data-element_type=\"widget\" data-e-type=\"widget\" data-widget_type=\"about_content.default\">\n\t\t\t\t<div class=\"elementor-widget-container\">\n\t\t\t\t\t    \t<div class=\"about-style-three\">\r\n\t        <h4 class=\"sub-heading\">INVERSIONES & SERVICIOS ALTA VISTA S.R.L.<\/h4>\r\n\t        <h2 class=\"heading\"><\/h2>\r\n\t        <p>Ofrecemos soluciones integrales respaldadas por\u00a0<strong>maquinaria agr\u00edcola de \u00faltima generaci\u00f3n<\/strong>\u00a0y\u00a0<strong>operadores calificados<\/strong>, garantizando eficiencia, sostenibilidad y alto impacto para tus cultivos. \u00a1Impulsamos tu productividad con servicios agr\u00edcolas confiables en Per\u00fa!<\/p><ul><li>Preparaci\u00f3n de campos Agr\u00edcolas<\/li><li>Cosecha y Venta de Productos<\/li><li>Alquiler de\u00a0 maquinarias agricolas<\/li><li>Remediaci\u00f3n de Terrenos\u00a0<\/li><\/ul>\t        \t    <\/div>\r\n\t\t\t\t\t<\/div>\n\t\t\t\t<\/div>\n\t\t\t\t\t<\/div>\n\t\t<\/div>\n\t\t\t\t\t<\/div>\n\t\t<\/section>\n\t\t\t\t\t<\/div>\n\t\t<\/div>\n\t\t\t\t\t<\/div>\n\t\t<\/section>\n\t\t\t\t<\/div>\n\t\t","protected":false},"excerpt":{"rendered":"<p>Maquinarias para la Agricultura Entrar Preparaci\u00f3n de campos Agricolas SIEMBRA, COSECHA Y VENTA FINAL DE PRODUCTOS AGRICOLAS Entrar 100 % tu mejor opci\u00f3n INVERSIONES &#038; SERVICIOS ALTA VISTA S.R.L. Ofrecemos soluciones integrales respaldadas por\u00a0maquinaria agr\u00edcola de \u00faltima generaci\u00f3n\u00a0y\u00a0operadores calificados, garantizando eficiencia, sostenibilidad y alto impacto para tus cultivos. \u00a1Impulsamos tu productividad con servicios agr\u00edcolas confiables [&hellip;]<\/p>\n","protected":false},"author":1,"featured_media":0,"parent":0,"menu_order":0,"comment_status":"closed","ping_status":"closed","template":"elementor_header_footer","meta":{"footnotes":""},"class_list":["post-3539","page","type-page","status-publish","hentry"],"_links":{"self":[{"href":"https:\/\/www.sierramorena.com.pe\/altavista\/wp-json\/wp\/v2\/pages\/3539","targetHints":{"allow":["GET"]}}],"collection":[{"href":"https:\/\/www.sierramorena.com.pe\/altavista\/wp-json\/wp\/v2\/pages"}],"about":[{"href":"https:\/\/www.sierramorena.com.pe\/altavista\/wp-json\/wp\/v2\/types\/page"}],"author":[{"embeddable":true,"href":"https:\/\/www.sierramorena.com.pe\/altavista\/wp-json\/wp\/v2\/users\/1"}],"replies":[{"embeddable":true,"href":"https:\/\/www.sierramorena.com.pe\/altavista\/wp-json\/wp\/v2\/comments?post=3539"}],"version-history":[{"count":139,"href":"https:\/\/www.sierramorena.com.pe\/altavista\/wp-json\/wp\/v2\/pages\/3539\/revisions"}],"predecessor-version":[{"id":4074,"href":"https:\/\/www.sierramorena.com.pe\/altavista\/wp-json\/wp\/v2\/pages\/3539\/revisions\/4074"}],"wp:attachment":[{"href":"https:\/\/www.sierramorena.com.pe\/altavista\/wp-json\/wp\/v2\/media?parent=3539"}],"curies":[{"name":"wp","href":"https:\/\/api.w.org\/{rel}","templated":true}]}}