{"id":1309,"date":"2022-04-13T13:12:18","date_gmt":"2022-04-13T13:12:18","guid":{"rendered":"https:\/\/validthemes.net\/themeforest\/wp\/cleanu\/?page_id=1309"},"modified":"2025-10-31T14:03:55","modified_gmt":"2025-10-31T14:03:55","slug":"nosotros","status":"publish","type":"page","link":"https:\/\/www.sierramorena.com.pe\/altavista\/nosotros\/","title":{"rendered":"\u00bfQUIENES SOMOS?"},"content":{"rendered":"\t\t<div data-elementor-type=\"wp-page\" data-elementor-id=\"1309\" class=\"elementor elementor-1309\">\n\t\t\t\t\t\t<section class=\"elementor-section elementor-top-section elementor-element elementor-element-076e961 elementor-section-full_width elementor-section-stretched elementor-section-height-default elementor-section-height-default\" data-id=\"076e961\" data-element_type=\"section\" data-e-type=\"section\" data-settings=\"{&quot;stretch_section&quot;:&quot;section-stretched&quot;,&quot;background_background&quot;:&quot;classic&quot;}\">\n\t\t\t\t\t\t\t<div class=\"elementor-background-overlay\"><\/div>\n\t\t\t\t\t\t\t<div class=\"elementor-container elementor-column-gap-no\">\n\t\t\t\t\t<div class=\"elementor-column elementor-col-100 elementor-top-column elementor-element elementor-element-54902fd\" data-id=\"54902fd\" data-element_type=\"column\" data-e-type=\"column\">\n\t\t\t<div class=\"elementor-widget-wrap elementor-element-populated\">\n\t\t\t\t\t\t<section class=\"elementor-section elementor-inner-section elementor-element elementor-element-e364496 elementor-section-content-middle elementor-section-boxed elementor-section-height-default elementor-section-height-default\" data-id=\"e364496\" data-element_type=\"section\" data-e-type=\"section\">\n\t\t\t\t\t\t<div class=\"elementor-container elementor-column-gap-no\">\n\t\t\t\t\t<div class=\"elementor-column elementor-col-50 elementor-inner-column elementor-element elementor-element-572bb9c\" data-id=\"572bb9c\" data-element_type=\"column\" data-e-type=\"column\" data-settings=\"{&quot;background_background&quot;:&quot;classic&quot;}\">\n\t\t\t<div class=\"elementor-widget-wrap elementor-element-populated\">\n\t\t\t\t\t\t<div class=\"elementor-element elementor-element-ce83a4f elementor-widget elementor-widget-about_image\" data-id=\"ce83a4f\" data-element_type=\"widget\" data-e-type=\"widget\" data-widget_type=\"about_image.default\">\n\t\t\t\t<div class=\"elementor-widget-container\">\n\t\t\t\t\t    <div class=\"about-style-four\">\r\n\t    <div class=\"thumb\">\r\n            <div class=\"twentytwenty-container\">\r\n            \t                \t<img decoding=\"async\" src=\"http:\/\/www.sierramorena.com.pe\/altavista\/wp-content\/uploads\/2025\/10\/WhatsApp-Image-2025-10-27-at-3.17.47-PM-2.jpeg\" alt=\"INVERSIONES &amp; SERVICIOS ALTA VISTA S.R.L.\">\r\n                                                \t<img decoding=\"async\" src=\"http:\/\/www.sierramorena.com.pe\/altavista\/wp-content\/uploads\/2025\/10\/WhatsApp-Image-2025-10-27-at-3.17.47-PM-1.jpeg\" alt=\"INVERSIONES &amp; SERVICIOS ALTA VISTA S.R.L.\">\r\n                            <\/div>      \r\n        <\/div>\r\n    <\/div>\r\n    \t\t\t\t<\/div>\n\t\t\t\t<\/div>\n\t\t\t\t\t<\/div>\n\t\t<\/div>\n\t\t\t\t<div class=\"elementor-column elementor-col-50 elementor-inner-column elementor-element elementor-element-27eb9b7\" data-id=\"27eb9b7\" data-element_type=\"column\" data-e-type=\"column\" data-settings=\"{&quot;background_background&quot;:&quot;classic&quot;}\">\n\t\t\t<div class=\"elementor-widget-wrap elementor-element-populated\">\n\t\t\t\t\t\t<div class=\"elementor-element elementor-element-38cc31a elementor-widget elementor-widget-about_content\" data-id=\"38cc31a\" data-element_type=\"widget\" data-e-type=\"widget\" data-widget_type=\"about_content.default\">\n\t\t\t\t<div class=\"elementor-widget-container\">\n\t\t\t\t\t    <div class=\"about-style-one info\">\r\n        <h2>INVERSIONES & SERVICIOS ALTA VISTA S.R.L.<\/h2>\r\n        <p>Somos una empresa que ofrece servicios especializados en rubros de agricultura, transporte, miner\u00eda, construcci\u00f3n privada y gubernamental; con un equipo humano altamente calificado y maquinaria moderna de \u00faltima tecnolog\u00eda mundial; estamos comprometidos con el crecimiento econ\u00f3mico de la regi\u00f3n y del pa\u00eds.<\/p><div class=\"row\"><div class=\"col-12 col-md-12 mb-4\"><p class=\"mb-1\">Nuestra experiencia para impulsar la <strong>productividad agr\u00edcola<\/strong>\u00a0con equipos confiables, modernos y adaptados a sus necesidades.<\/p><\/div><\/div><div class=\"row\"><article class=\"col-12 col-md-3 mb-4\"><div class=\"w-100 card-service card-service-secondary rounded-4\">\u00a0<\/div><\/article><\/div>        <div class=\"bottom-info\">\r\n        \t            <div class=\"contact\">\r\n                <div class=\"content\">\r\n                    <span><\/span>\r\n                    <h5><\/h5>\r\n                <\/div>\r\n            <\/div>\r\n        <\/div>\r\n    <\/div>\r\n    \t\t\t\t<\/div>\n\t\t\t\t<\/div>\n\t\t\t\t\t<\/div>\n\t\t<\/div>\n\t\t\t\t\t<\/div>\n\t\t<\/section>\n\t\t\t\t\t<\/div>\n\t\t<\/div>\n\t\t\t\t\t<\/div>\n\t\t<\/section>\n\t\t\t\t<\/div>\n\t\t","protected":false},"excerpt":{"rendered":"<p>INVERSIONES &#038; SERVICIOS ALTA VISTA S.R.L. Somos una empresa que ofrece servicios especializados en rubros de agricultura, transporte, miner\u00eda, construcci\u00f3n privada y gubernamental; con un equipo humano altamente calificado y maquinaria moderna de \u00faltima tecnolog\u00eda mundial; estamos comprometidos con el crecimiento econ\u00f3mico de la regi\u00f3n y del pa\u00eds. Nuestra experiencia para impulsar la productividad agr\u00edcola\u00a0con [&hellip;]<\/p>\n","protected":false},"author":1,"featured_media":0,"parent":0,"menu_order":0,"comment_status":"closed","ping_status":"closed","template":"page-template\/cleanu-templates.php","meta":{"footnotes":""},"class_list":["post-1309","page","type-page","status-publish","hentry"],"_links":{"self":[{"href":"https:\/\/www.sierramorena.com.pe\/altavista\/wp-json\/wp\/v2\/pages\/1309","targetHints":{"allow":["GET"]}}],"collection":[{"href":"https:\/\/www.sierramorena.com.pe\/altavista\/wp-json\/wp\/v2\/pages"}],"about":[{"href":"https:\/\/www.sierramorena.com.pe\/altavista\/wp-json\/wp\/v2\/types\/page"}],"author":[{"embeddable":true,"href":"https:\/\/www.sierramorena.com.pe\/altavista\/wp-json\/wp\/v2\/users\/1"}],"replies":[{"embeddable":true,"href":"https:\/\/www.sierramorena.com.pe\/altavista\/wp-json\/wp\/v2\/comments?post=1309"}],"version-history":[{"count":43,"href":"https:\/\/www.sierramorena.com.pe\/altavista\/wp-json\/wp\/v2\/pages\/1309\/revisions"}],"predecessor-version":[{"id":4067,"href":"https:\/\/www.sierramorena.com.pe\/altavista\/wp-json\/wp\/v2\/pages\/1309\/revisions\/4067"}],"wp:attachment":[{"href":"https:\/\/www.sierramorena.com.pe\/altavista\/wp-json\/wp\/v2\/media?parent=1309"}],"curies":[{"name":"wp","href":"https:\/\/api.w.org\/{rel}","templated":true}]}}